{"id":145,"date":"2021-10-09T18:14:33","date_gmt":"2021-10-09T18:14:33","guid":{"rendered":"https:\/\/tunatheme.com\/tf\/wp\/autixir\/?page_id=145"},"modified":"2025-02-25T13:05:39","modified_gmt":"2025-02-25T13:05:39","slug":"hakkimizda","status":"publish","type":"page","link":"https:\/\/ozkan-oto.com\/index.php\/hakkimizda\/","title":{"rendered":"Hakk\u0131m\u0131zda"},"content":{"rendered":"\t\t<div data-elementor-type=\"wp-page\" data-elementor-id=\"145\" class=\"elementor elementor-145\">\n\t\t\t\t\t\t<section class=\"elementor-section elementor-top-section elementor-element elementor-element-162d7b8 elementor-section-full_width elementor-section-height-default elementor-section-height-default\" data-id=\"162d7b8\" data-element_type=\"section\">\n\t\t\t\t\t\t<div class=\"elementor-container elementor-column-gap-no\">\n\t\t\t\t\t<div class=\"elementor-column elementor-col-100 elementor-top-column elementor-element elementor-element-8a6eff6\" data-id=\"8a6eff6\" data-element_type=\"column\">\n\t\t\t<div class=\"elementor-widget-wrap elementor-element-populated\">\n\t\t\t\t\t\t<div class=\"elementor-element elementor-element-dc635e8 elementor-widget elementor-widget-autixir_about_us\" data-id=\"dc635e8\" data-element_type=\"widget\" data-widget_type=\"autixir_about_us.default\">\n\t\t\t\t<div class=\"elementor-widget-container\">\n\t\t\t\t\t        <div class=\"ltn__about-us-area pt-120-- pb-120\">\r\n        <div class=\"container\">\r\n            <div class=\"row\">\r\n                <div class=\"col-lg-6 align-self-center\">\r\n                    <div class=\"about-us-img-wrap about-img-left\">\r\n                        <img fetchpriority=\"high\" decoding=\"async\" width=\"600\" height=\"524\" src=\"https:\/\/ozkan-oto.com\/wp-content\/uploads\/2025\/02\/ozakn-oto-hakkimizda-01.jpg\" class=\"attachment-full size-full\" alt=\"\" srcset=\"https:\/\/ozkan-oto.com\/wp-content\/uploads\/2025\/02\/ozakn-oto-hakkimizda-01.jpg 600w, https:\/\/ozkan-oto.com\/wp-content\/uploads\/2025\/02\/ozakn-oto-hakkimizda-01-300x262.jpg 300w\" sizes=\"(max-width: 600px) 100vw, 600px\" \/>                        <div class=\"about-us-img-info about-us-img-info-2\">\r\n                            <div class=\"about-us-img-info-inner\">\r\n                                <h1>25<span>+<\/span><\/h1>\r\n                                <h6>Y\u0131ll\u0131k Tecr\u00fcbe<\/h6>\r\n                            <\/div>\r\n                        <\/div>\r\n                    <\/div>\r\n                <\/div>\r\n                <div class=\"col-lg-6 align-self-center\">\r\n                    <div class=\"about-us-info-wrap\">\r\n                        <div class=\"section-title-area ltn__section-title-2\">\r\n                            <h6 class=\"section-subtitle ltn__secondary-color\">\/\/ Hakk\u0131m\u0131zda<\/h6>\r\n                            <h1 class=\"section-title\">Biz Kimiz ?<span>.<\/span><\/h1>\r\n                            <p>\u00d6zkan Oto Boyas\u0131z G\u00f6\u00e7\u00fck Onar\u0131m Alan\u0131nda B\u00fcy\u00fck Bir Tecr\u00fcbe Kazanm\u0131\u015f K\u00f6kl\u00fc Bir firmad\u0131r.<\/p>\r\n                        <\/div>\r\n                        <p>Biz \u00d6zkan Oto olarak b\u00fcy\u00fck bir \u00e7al\u0131\u015fma iste\u011fi ve i\u00e7inde bulundu\u011fumuz Boya Kaporta onar\u0131m mesle\u011fini severek zirveye ta\u015f\u0131ma arzusu ile \u00e7\u0131kt\u0131k hi\u00e7 durmad\u0131k i\u015fimizde iyi olma arzusu ile s\u00fcrekli ara\u015ft\u0131rd\u0131k ara\u00e7lar\u0131n de\u011ferini kaybettirmeden olabilecek hasarlar\u0131 daha iyi nas\u0131l onar\u0131m yapar\u0131z d\u00fc\u015f\u00fcncesi sonu\u00e7 olarak Boyas\u0131z G\u00f6\u00e7\u00fck Onar\u0131m i\u015fini b\u00fcy\u00fck bir titizlikle yapmaya ba\u015flayal\u0131 15 sene ge\u00e7ti. Sonu\u00e7 olarak bug\u00fcn G\u00f6\u00e7\u00fck Antalya' day\u0131z ve \u00d6zkan Oto Dolu Hasar\u0131na maruz kalm\u0131\u015f m\u00fc\u015fterilerimiz arabalar\u0131n\u0131 de\u011fer kayb\u0131na u\u011framadan orijinal haline getirmeyi hedefliyoruz.<br>\n<br>\n\u00d6zkan Oto' da ba\u015fl\u0131ca yapt\u0131\u011f\u0131m\u0131z hizmetlerimizi sayacak olursak;\n\nDolu Hasar\u0131na maruz kalm\u0131\u015f arabalar\u0131n\u0131z\u0131n Dolu Hasarlar\u0131n\u0131 Boya yapmadan d\u00fczeltme uygulamas\u0131n\u0131 yapmaktay\u0131z.\n<br><br>\nMaddi hasarl\u0131 kazalarda olu\u015fan kaportada boya hasar\u0131 olmayan G\u00f6\u00e7\u00fck hasarlar\u0131n\u0131 araban\u0131z\u0131n de\u011fer kayb\u0131na u\u011framas\u0131n i\u00e7in Boyas\u0131z G\u00f6\u00e7\u00fck Onar\u0131m\u0131 yapmaktay\u0131z.\n<br><br>\nYine Maddi hasarl\u0131 kazalarda olu\u015fan boyas\u0131 zedelenen ama de\u011fi\u015fmesi gerek kaporta k\u0131sm\u0131ndaki hasarlar\u0131 en az kay\u0131pla kurtararak Mini Yama ve Boya Onar\u0131m\u0131 Yapmaktay\u0131z.\n<\/p>\r\n                        <div class=\"btn-wrapper\">\r\n                            <a href=\"https:\/\/ozkan-oto.com\/index.php\/hizmetlerimiz\/\" class=\"theme-btn-3 btn btn-effect-4\">Hizmetlerimiz<\/a>\r\n                        <\/div>\r\n                    <\/div>\r\n                <\/div>\r\n            <\/div>\r\n        <\/div>\r\n    <\/div>\r\n    \t\t\t\t<\/div>\n\t\t\t\t<\/div>\n\t\t\t\t\t<\/div>\n\t\t<\/div>\n\t\t\t\t\t<\/div>\n\t\t<\/section>\n\t\t\t\t<section class=\"elementor-section elementor-top-section elementor-element elementor-element-78a8f51 elementor-section-full_width call-to-action-area call-to-action-5 bg-image bg-overlay-theme-90 pt-40 pb-25 elementor-section-height-default elementor-section-height-default\" data-id=\"78a8f51\" data-element_type=\"section\" data-settings=\"{&quot;background_background&quot;:&quot;classic&quot;}\">\n\t\t\t\t\t\t<div class=\"elementor-container elementor-column-gap-no\">\n\t\t\t\t\t<div class=\"elementor-column elementor-col-100 elementor-top-column elementor-element elementor-element-dd1bfb4\" data-id=\"dd1bfb4\" data-element_type=\"column\">\n\t\t\t<div class=\"elementor-widget-wrap elementor-element-populated\">\n\t\t\t\t\t\t<div class=\"elementor-element elementor-element-69dd0de elementor-widget elementor-widget-html\" data-id=\"69dd0de\" data-element_type=\"widget\" data-widget_type=\"html.default\">\n\t\t\t\t<div class=\"elementor-widget-container\">\n\t\t\t\t\t<div class=\"call-to-action-inner call-to-action-inner-5 text-center\">\r\n <h2 class=\"white-color text-decoration\">Bizimle ileti\u015fime ge\u00e7in ? <a href=\"https:\/\/ozkan-oto.com\/index.php\/iletisim\">\u0130leti\u015fim Hatt\u0131n<\/a><\/h2>\r\n<\/div>\t\t\t\t<\/div>\n\t\t\t\t<\/div>\n\t\t\t\t\t<\/div>\n\t\t<\/div>\n\t\t\t\t\t<\/div>\n\t\t<\/section>\n\t\t\t\t<\/div>\n\t\t","protected":false},"excerpt":{"rendered":"<p>25+ Y\u0131ll\u0131k Tecr\u00fcbe \/\/ Hakk\u0131m\u0131zda Biz Kimiz ?. \u00d6zkan Oto Boyas\u0131z G\u00f6\u00e7\u00fck Onar\u0131m Alan\u0131nda B\u00fcy\u00fck Bir Tecr\u00fcbe Kazanm\u0131\u015f K\u00f6kl\u00fc Bir firmad\u0131r. Biz \u00d6zkan Oto olarak b\u00fcy\u00fck bir \u00e7al\u0131\u015fma iste\u011fi ve i\u00e7inde bulundu\u011fumuz Boya Kaporta onar\u0131m mesle\u011fini severek zirveye ta\u015f\u0131ma arzusu ile \u00e7\u0131kt\u0131k hi\u00e7 durmad\u0131k i\u015fimizde iyi olma arzusu ile s\u00fcrekli ara\u015ft\u0131rd\u0131k ara\u00e7lar\u0131n de\u011ferini kaybettirmeden olabilecek [&hellip;]<\/p>\n","protected":false},"author":1,"featured_media":0,"parent":0,"menu_order":0,"comment_status":"closed","ping_status":"closed","template":"elementor_header_footer","meta":{"footnotes":""},"class_list":["post-145","page","type-page","status-publish","hentry"],"_links":{"self":[{"href":"https:\/\/ozkan-oto.com\/index.php\/wp-json\/wp\/v2\/pages\/145","targetHints":{"allow":["GET"]}}],"collection":[{"href":"https:\/\/ozkan-oto.com\/index.php\/wp-json\/wp\/v2\/pages"}],"about":[{"href":"https:\/\/ozkan-oto.com\/index.php\/wp-json\/wp\/v2\/types\/page"}],"author":[{"embeddable":true,"href":"https:\/\/ozkan-oto.com\/index.php\/wp-json\/wp\/v2\/users\/1"}],"replies":[{"embeddable":true,"href":"https:\/\/ozkan-oto.com\/index.php\/wp-json\/wp\/v2\/comments?post=145"}],"version-history":[{"count":8,"href":"https:\/\/ozkan-oto.com\/index.php\/wp-json\/wp\/v2\/pages\/145\/revisions"}],"predecessor-version":[{"id":1289,"href":"https:\/\/ozkan-oto.com\/index.php\/wp-json\/wp\/v2\/pages\/145\/revisions\/1289"}],"wp:attachment":[{"href":"https:\/\/ozkan-oto.com\/index.php\/wp-json\/wp\/v2\/media?parent=145"}],"curies":[{"name":"wp","href":"https:\/\/api.w.org\/{rel}","templated":true}]}}